{"id":1695,"date":"2024-12-03T01:19:37","date_gmt":"2024-12-03T00:19:37","guid":{"rendered":"https:\/\/elkimagic.com\/?page_id=1695"},"modified":"2024-12-20T21:32:25","modified_gmt":"2024-12-20T20:32:25","slug":"conditions","status":"publish","type":"page","link":"https:\/\/elkimagic.com\/fr\/conditions\/","title":{"rendered":"Conditions"},"content":{"rendered":"\t\t<div data-elementor-type=\"wp-page\" data-elementor-id=\"1695\" class=\"elementor elementor-1695\" data-elementor-post-type=\"page\">\n\t\t\t\t<div class=\"elementor-element elementor-element-5c104df2 e-flex e-con-boxed e-con e-parent\" data-id=\"5c104df2\" data-element_type=\"container\" data-e-type=\"container\">\n\t\t\t\t\t<div class=\"e-con-inner\">\n\t\t\t\t<div class=\"elementor-element elementor-element-691c49bc elementor-widget elementor-widget-text-editor\" data-id=\"691c49bc\" data-element_type=\"widget\" data-e-type=\"widget\" data-widget_type=\"text-editor.default\">\n\t\t\t\t<div class=\"elementor-widget-container\">\n\t\t\t\t\t\t\t\t\t<div class=\"vc_row wpb_row section vc_row-fluid \"><div class=\" full_section_inner clearfix\"><div class=\"wpb_column vc_column_container vc_col-sm-12\"><div class=\"vc_column-inner\"><div class=\"wpb_wrapper\"><div class=\"wpb_text_column wpb_content_element \"><div class=\"wpb_wrapper\"><p><strong>CONDITIONS DE R\u00c9SERVATION ET D\u2019ANNULATION<\/strong><\/p><\/div><\/div><div class=\"vc_row wpb_row section vc_row-fluid vc_inner \"><div class=\" full_section_inner clearfix\"><div class=\"wpb_column vc_column_container vc_col-sm-6\"><div class=\"vc_column-inner\"><div class=\"wpb_wrapper\"><div class=\"wpb_text_column wpb_content_element \"><div class=\"wpb_wrapper\"><p><u>R\u00e9servation<\/u><\/p><p>Pour effectuer une r\u00e9servation, vous devez payer 50% de la valeur totale du service, en esp\u00e8ces ou en effectuant un virement bancaire (compte chilien). Le solde devra \u00eatre pay\u00e9 en esp\u00e8ces ou par virement bancaire le jour de la r\u00e9alisation de l\u2019activit\u00e9. Vous recevrez une confirmation du service r\u00e9serv\u00e9 par e-mail ou un re\u00e7u selon le cas.<\/p><\/div><\/div><\/div><\/div><\/div><div class=\"wpb_column vc_column_container vc_col-sm-6\"><div class=\"vc_column-inner\"><div class=\"wpb_wrapper\"><div class=\"wpb_text_column wpb_content_element \"><div class=\"wpb_wrapper\"><p><span style=\"text-decoration: underline;\">Annulation et non-pr\u00e9sentation<\/span><\/p><p>En cas d\u2019annulation, le versement de 50% sera rembours\u00e9 si vous annulez la r\u00e9servation au moins 48 heures avant le d\u00e9but de l\u2019activit\u00e9. Le paiement ne sera pas retourn\u00e9 en cas d\u2019annulation de moins de 48 heures. Dans le cas o\u00f9 vous ne vous pr\u00e9sentez pas le jour de l\u2019activit\u00e9 (no show), l\u2019argent vers\u00e9 ne sera pas rembours\u00e9.<\/p><p><u>Activit\u00e9 suspendue<\/u><\/p><p>En cas de suspension de l\u2019activit\u00e9 pour cause de force majeure, une date alternative sera propos\u00e9e. Si elle n\u2019est pas accept\u00e9e, la totalit\u00e9 de l\u2019argent sera rembours\u00e9e.<\/p><\/div><\/div><\/div><\/div><\/div><\/div><\/div><\/div><\/div><\/div><\/div><\/div><div class=\"vc_row wpb_row section vc_row-fluid \"><div class=\" full_section_inner clearfix\"><div class=\"wpb_column vc_column_container vc_col-sm-12\"><div class=\"vc_column-inner\"><div class=\"wpb_wrapper\"><div class=\"vc_empty_space\">\u00a0<\/div><\/div><\/div><\/div><\/div><\/div><div class=\"vc_row wpb_row section vc_row-fluid \"><div class=\" full_section_inner clearfix\"><div class=\"wpb_column vc_column_container vc_col-sm-12\"><div class=\"vc_column-inner\"><div class=\"wpb_wrapper\"><div class=\"wpb_text_column wpb_content_element \"><div class=\"wpb_wrapper\"><p><strong>POLITIQUE DE PR\u00c9VENTION D\u2019EXPLOITATION DES \u00caTRES HUMAINS<\/strong><\/p><p>Notre organisation dirige ses efforts vers la cr\u00e9ation de services o\u00f9 la qualit\u00e9 et la s\u00e9curit\u00e9 pr\u00e9dominent\u00a0 \u00e0 tout moment, donnant la priorit\u00e9 aux personnes. Dans le cadre de ces actions, elle \u00e9tablit les mesures et engagements suivants pour pr\u00e9venir l\u2019exploitation des \u00eatres humains:<\/p><ul><li>Nous ne soutenons pas le tourisme sexuelle ni l\u2019exploitation commerciale des enfants, des adolescents et \/ ou des adultes.<\/li><li>Nous ne promouvons pas le travail infantile.<\/li><li>Nous n\u2019embauchons pas de mineurs.<\/li><li>Nous sensibilisons, informons et formons notre personnel, nos fournisseurs et nos clients sur l\u2019importance de respecter ces engagements \u00e0 tout moment.<\/li><li>Nous adh\u00e9rons pleinement \u00e0 la campagne lanc\u00e9e par les organismes tels que l\u2019UNICEF (Fonds des Nations Unies pour l\u2019enfance), l\u2019OMT (Organisation mondiale du tourisme) SENAME (Service national de la jeunesse) entre autres, dans le but de garantir l\u2019int\u00e9grit\u00e9 physique et morale des \u00eatres humains.<\/li><li>Nous identifions de mani\u00e8re permanente, et dans chacune de nos activit\u00e9s, les cas o\u00f9 une situation ind\u00e9sirable pourrait \u00eatre g\u00e9n\u00e9r\u00e9e et nous mettons en \u0153uvre les actions n\u00e9cessaires pour \u00e9viter qu\u2019elle se produise.<\/li><li>Nous signalons toute situation irr\u00e9guli\u00e8re d\u2019exploitation ou d\u2019abus sexuels contre une personne, surtout si elle est mineure.<\/li><li>Nous maintenons une interdiction totale de diffusion \u00e0 travers de nos m\u00e9dias et de notre mat\u00e9riel promotionnel, des opinions et information de tout genre\u00a0 qui pourrait affecter les \u00eatres humains, en particulier celle de nature ill\u00e9gale et qui pourrait impliquer des mineurs.<\/li><li>Nous nous engageons \u00e0 maintenir cette politique et assurer son ad\u00e9quation dans le temps selon la l\u00e9gislation en vigueur, les campagnes nationales et internationales mises en \u0153uvre par les organisations comp\u00e9tentes et conform\u00e9ment aux valeurs de notre soci\u00e9t\u00e9.<\/li><\/ul><\/div><\/div><\/div><\/div><\/div><\/div><\/div><div class=\"vc_row wpb_row section vc_row-fluid \"><div class=\" full_section_inner clearfix\"><div class=\"wpb_column vc_column_container vc_col-sm-12\"><div class=\"vc_column-inner\"><div class=\"wpb_wrapper\"><div class=\"vc_empty_space\">\u00a0<\/div><\/div><\/div><\/div><\/div><\/div>\t\t\t\t\t\t\t\t<\/div>\n\t\t\t\t<\/div>\n\t\t\t\t\t<\/div>\n\t\t\t\t<\/div>\n\t\t\t\t<\/div>\n\t\t","protected":false},"excerpt":{"rendered":"<p>CONDITIONS DE R\u00c9SERVATION ET D\u2019ANNULATION R\u00e9servation Pour effectuer une r\u00e9servation, vous devez payer 50% de la valeur totale du service, en esp\u00e8ces ou en effectuant&#8230;<\/p>\n","protected":false},"author":1,"featured_media":0,"parent":0,"menu_order":0,"comment_status":"closed","ping_status":"closed","template":"","meta":{"_joinchat":[],"footnotes":""},"class_list":["post-1695","page","type-page","status-publish","hentry"],"_links":{"self":[{"href":"https:\/\/elkimagic.com\/fr\/wp-json\/wp\/v2\/pages\/1695","targetHints":{"allow":["GET"]}}],"collection":[{"href":"https:\/\/elkimagic.com\/fr\/wp-json\/wp\/v2\/pages"}],"about":[{"href":"https:\/\/elkimagic.com\/fr\/wp-json\/wp\/v2\/types\/page"}],"author":[{"embeddable":true,"href":"https:\/\/elkimagic.com\/fr\/wp-json\/wp\/v2\/users\/1"}],"replies":[{"embeddable":true,"href":"https:\/\/elkimagic.com\/fr\/wp-json\/wp\/v2\/comments?post=1695"}],"version-history":[{"count":7,"href":"https:\/\/elkimagic.com\/fr\/wp-json\/wp\/v2\/pages\/1695\/revisions"}],"predecessor-version":[{"id":2486,"href":"https:\/\/elkimagic.com\/fr\/wp-json\/wp\/v2\/pages\/1695\/revisions\/2486"}],"wp:attachment":[{"href":"https:\/\/elkimagic.com\/fr\/wp-json\/wp\/v2\/media?parent=1695"}],"curies":[{"name":"wp","href":"https:\/\/api.w.org\/{rel}","templated":true}]}}